{"id":394,"date":"2025-12-16T14:38:47","date_gmt":"2025-12-16T19:38:47","guid":{"rendered":"https:\/\/workpool.yopuedo.pe\/?page_id=394"},"modified":"2025-12-22T23:30:56","modified_gmt":"2025-12-23T04:30:56","slug":"workpool-nosostros-eventos","status":"publish","type":"page","link":"https:\/\/workpool.yopuedo.pe\/index.php\/workpool-nosostros-eventos\/","title":{"rendered":"Workpool \/ Nosostros \/ Eventos"},"content":{"rendered":"\t\t<div data-elementor-type=\"wp-page\" data-elementor-id=\"394\" class=\"elementor elementor-394\" data-elementor-post-type=\"page\">\n\t\t\t\t<div class=\"elementor-element elementor-element-45b7ada e-flex e-con-boxed e-con e-parent\" data-id=\"45b7ada\" data-element_type=\"container\">\n\t\t\t\t\t<div class=\"e-con-inner\">\n\t\t<div class=\"elementor-element elementor-element-3720fea e-con-full e-flex e-con e-child\" data-id=\"3720fea\" data-element_type=\"container\">\n\t\t\t\t<div class=\"elementor-element elementor-element-c3a4475 elementor-widget__width-initial elementor-widget elementor-widget-image\" data-id=\"c3a4475\" data-element_type=\"widget\" data-widget_type=\"image.default\">\n\t\t\t\t\t\t\t\t\t\t\t\t\t\t\t<img fetchpriority=\"high\" decoding=\"async\" width=\"662\" height=\"463\" src=\"https:\/\/workpool.yopuedo.pe\/wp-content\/uploads\/2025\/12\/images-84.jpeg\" class=\"attachment-medium_large size-medium_large wp-image-1208\" alt=\"\" srcset=\"https:\/\/workpool.yopuedo.pe\/wp-content\/uploads\/2025\/12\/images-84.jpeg 662w, https:\/\/workpool.yopuedo.pe\/wp-content\/uploads\/2025\/12\/images-84-300x210.jpeg 300w, https:\/\/workpool.yopuedo.pe\/wp-content\/uploads\/2025\/12\/images-84-600x420.jpeg 600w\" sizes=\"(max-width: 662px) 100vw, 662px\" \/>\t\t\t\t\t\t\t\t\t\t\t\t\t\t\t<\/div>\n\t\t\t\t<\/div>\n\t\t<div class=\"elementor-element elementor-element-06e2fee e-con-full e-flex e-con e-child\" data-id=\"06e2fee\" data-element_type=\"container\">\n\t\t<div class=\"elementor-element elementor-element-5cde775 e-grid e-con-boxed e-con e-child\" data-id=\"5cde775\" data-element_type=\"container\">\n\t\t\t\t\t<div class=\"e-con-inner\">\n\t\t\t\t<div class=\"elementor-element elementor-element-eed3009 elementor-widget elementor-widget-heading\" data-id=\"eed3009\" data-element_type=\"widget\" data-widget_type=\"heading.default\">\n\t\t\t\t\t<h2 class=\"elementor-heading-title elementor-size-default\">D\u00eda de la Madre<\/h2>\t\t\t\t<\/div>\n\t\t\t\t<div class=\"elementor-element elementor-element-217289a elementor-widget elementor-widget-text-editor\" data-id=\"217289a\" data-element_type=\"widget\" data-widget_type=\"text-editor.default\">\n\t\t\t\t\t\t\t\t\t<p>En Workpool, estamos orgullosos de contar con tantas mam\u00e1s que, con esfuerzo y dedicaci\u00f3n, equilibran su vida laboral y personal con pasi\u00f3n.<\/p>\t\t\t\t\t\t\t\t<\/div>\n\t\t\t\t\t<\/div>\n\t\t\t\t<\/div>\n\t\t\t\t<\/div>\n\t\t\t\t\t<\/div>\n\t\t\t\t<\/div>\n\t\t<div class=\"elementor-element elementor-element-e595b29 e-con-full e-flex e-con e-parent\" data-id=\"e595b29\" data-element_type=\"container\">\n\t\t<div class=\"elementor-element elementor-element-f36c7ea e-con-full e-flex e-con e-child\" data-id=\"f36c7ea\" data-element_type=\"container\">\n\t\t<div class=\"elementor-element elementor-element-af546af e-flex e-con-boxed e-con e-child\" data-id=\"af546af\" data-element_type=\"container\">\n\t\t\t\t\t<div class=\"e-con-inner\">\n\t\t\t\t<div class=\"elementor-element elementor-element-048583b elementor-widget elementor-widget-heading\" data-id=\"048583b\" data-element_type=\"widget\" data-widget_type=\"heading.default\">\n\t\t\t\t\t<h2 class=\"elementor-heading-title elementor-size-default\">D\u00eda del Trabajo<\/h2>\t\t\t\t<\/div>\n\t\t\t\t<div class=\"elementor-element elementor-element-41e623d elementor-widget elementor-widget-text-editor\" data-id=\"41e623d\" data-element_type=\"widget\" data-widget_type=\"text-editor.default\">\n\t\t\t\t\t\t\t\t\t<p>Conmemoraci\u00f3n para nuestros Workpoolers conmemorando el d\u00eda del trabajo<\/p>\t\t\t\t\t\t\t\t<\/div>\n\t\t\t\t\t<\/div>\n\t\t\t\t<\/div>\n\t\t\t\t<\/div>\n\t\t<div class=\"elementor-element elementor-element-2692f86 e-con-full e-flex e-con e-child\" data-id=\"2692f86\" data-element_type=\"container\">\n\t\t\t\t<div class=\"elementor-element elementor-element-34c4e1c elementor-widget__width-initial elementor-widget elementor-widget-image\" data-id=\"34c4e1c\" data-element_type=\"widget\" data-widget_type=\"image.default\">\n\t\t\t\t\t\t\t\t\t\t\t\t\t\t\t<img decoding=\"async\" width=\"576\" height=\"432\" src=\"https:\/\/workpool.yopuedo.pe\/wp-content\/uploads\/2025\/12\/images-85.jpeg\" class=\"attachment-large size-large wp-image-1210\" alt=\"\" srcset=\"https:\/\/workpool.yopuedo.pe\/wp-content\/uploads\/2025\/12\/images-85.jpeg 576w, https:\/\/workpool.yopuedo.pe\/wp-content\/uploads\/2025\/12\/images-85-300x225.jpeg 300w\" sizes=\"(max-width: 576px) 100vw, 576px\" \/>\t\t\t\t\t\t\t\t\t\t\t\t\t\t\t<\/div>\n\t\t\t\t<\/div>\n\t\t\t\t<\/div>\n\t\t<div class=\"elementor-element elementor-element-6d6cd0c e-con-full e-flex e-con e-parent\" data-id=\"6d6cd0c\" data-element_type=\"container\">\n\t\t<div class=\"elementor-element elementor-element-1a3f9ad e-con-full e-flex e-con e-child\" data-id=\"1a3f9ad\" data-element_type=\"container\">\n\t\t<div class=\"elementor-element elementor-element-8971591 e-con-full e-flex e-con e-child\" data-id=\"8971591\" data-element_type=\"container\">\n\t\t\t\t<div class=\"elementor-element elementor-element-bfb0c05 elementor-widget__width-initial elementor-widget elementor-widget-image\" data-id=\"bfb0c05\" data-element_type=\"widget\" data-widget_type=\"image.default\">\n\t\t\t\t\t\t\t\t\t\t\t\t\t\t\t<img decoding=\"async\" width=\"547\" height=\"365\" src=\"https:\/\/workpool.yopuedo.pe\/wp-content\/uploads\/2025\/12\/images-86.jpeg\" class=\"attachment-woocommerce_single size-woocommerce_single wp-image-1211\" alt=\"\" srcset=\"https:\/\/workpool.yopuedo.pe\/wp-content\/uploads\/2025\/12\/images-86.jpeg 547w, https:\/\/workpool.yopuedo.pe\/wp-content\/uploads\/2025\/12\/images-86-300x200.jpeg 300w\" sizes=\"(max-width: 547px) 100vw, 547px\" \/>\t\t\t\t\t\t\t\t\t\t\t\t\t\t\t<\/div>\n\t\t\t\t<\/div>\n\t\t<div class=\"elementor-element elementor-element-6de29cb e-con-full e-flex e-con e-child\" data-id=\"6de29cb\" data-element_type=\"container\">\n\t\t<div class=\"elementor-element elementor-element-1e2d459 e-grid e-con-boxed e-con e-child\" data-id=\"1e2d459\" data-element_type=\"container\">\n\t\t\t\t\t<div class=\"e-con-inner\">\n\t\t\t\t<div class=\"elementor-element elementor-element-ef4b953 elementor-widget elementor-widget-heading\" data-id=\"ef4b953\" data-element_type=\"widget\" data-widget_type=\"heading.default\">\n\t\t\t\t\t<h2 class=\"elementor-heading-title elementor-size-default\">Navidad<\/h2>\t\t\t\t<\/div>\n\t\t\t\t<div class=\"elementor-element elementor-element-4127956 elementor-widget elementor-widget-text-editor\" data-id=\"4127956\" data-element_type=\"widget\" data-widget_type=\"text-editor.default\">\n\t\t\t\t\t\t\t\t\t<p>En Workpool incentivamos a nuestros trabajadores a participar de las actividades por fiestas navide\u00f1as.<\/p>\t\t\t\t\t\t\t\t<\/div>\n\t\t\t\t\t<\/div>\n\t\t\t\t<\/div>\n\t\t\t\t<\/div>\n\t\t\t\t<\/div>\n\t\t\t\t<\/div>\n\t\t<div class=\"elementor-element elementor-element-6ce2f34 e-flex e-con-boxed e-con e-parent\" data-id=\"6ce2f34\" data-element_type=\"container\">\n\t\t\t\t\t<div class=\"e-con-inner\">\n\t\t\t\t<div class=\"elementor-element elementor-element-ed310f1 elementor-widget elementor-widget-template\" data-id=\"ed310f1\" data-element_type=\"widget\" data-widget_type=\"template.default\">\n\t\t\t\t<div class=\"elementor-widget-container\">\n\t\t\t\t\t\t\t<div class=\"elementor-template\">\n\t\t\t\t\t<div data-elementor-type=\"section\" data-elementor-id=\"749\" class=\"elementor elementor-749\" data-elementor-post-type=\"elementor_library\">\n\t\t\t<div class=\"elementor-element elementor-element-e9d6f13 e-flex e-con-boxed e-con e-parent\" data-id=\"e9d6f13\" data-element_type=\"container\" data-settings=\"{&quot;background_background&quot;:&quot;gradient&quot;}\">\n\t\t\t\t\t<div class=\"e-con-inner\">\n\t\t<div class=\"elementor-element elementor-element-456cf39 e-con-full e-flex e-con e-child\" data-id=\"456cf39\" data-element_type=\"container\">\n\t\t\t\t<div class=\"elementor-element elementor-element-15fe2c1 elementor-widget elementor-widget-heading\" data-id=\"15fe2c1\" data-element_type=\"widget\" data-widget_type=\"heading.default\">\n\t\t\t\t\t<h2 class=\"elementor-heading-title elementor-size-default\">Oferta de fin de a\u00f1o<\/h2>\t\t\t\t<\/div>\n\t\t\t\t<div class=\"elementor-element elementor-element-e9c7974 elementor-widget elementor-widget-text-editor\" data-id=\"e9c7974\" data-element_type=\"widget\" data-widget_type=\"text-editor.default\">\n\t\t\t\t\t\t\t\t\t<p>Contrata nuestros servicios y recibe una promoci\u00f3n para empezar el a\u00f1o de la mejor forma.<\/p>\t\t\t\t\t\t\t\t<\/div>\n\t\t\t\t<div class=\"elementor-element elementor-element-516c4de elementor-widget elementor-widget-button\" data-id=\"516c4de\" data-element_type=\"widget\" data-widget_type=\"button.default\">\n\t\t\t\t\t\t\t\t\t\t<a class=\"elementor-button elementor-button-link elementor-size-sm\" href=\"https:\/\/workpool.yopuedo.pe\/?elementor_library=plantilla-ejemplo-error-uriondo&#038;preview=1&#038;preview_nonce=39538b8bd7&#038;theme_template_id=740\">\n\t\t\t\t\t\t<span class=\"elementor-button-content-wrapper\">\n\t\t\t\t\t\t\t\t\t<span class=\"elementor-button-text\">Haz clic aqu\u00ed<\/span>\n\t\t\t\t\t<\/span>\n\t\t\t\t\t<\/a>\n\t\t\t\t\t\t\t\t<\/div>\n\t\t\t\t<\/div>\n\t\t<div class=\"elementor-element elementor-element-506611f e-con-full e-flex e-con e-child\" data-id=\"506611f\" data-element_type=\"container\">\n\t\t\t\t<div class=\"elementor-element elementor-element-5d2be5d elementor-widget__width-initial elementor-widget elementor-widget-image\" data-id=\"5d2be5d\" data-element_type=\"widget\" data-widget_type=\"image.default\">\n\t\t\t\t\t\t\t\t\t\t\t\t\t\t\t<img loading=\"lazy\" decoding=\"async\" width=\"800\" height=\"534\" src=\"https:\/\/workpool.yopuedo.pe\/wp-content\/uploads\/2025\/12\/6446efd9b63dbe7bd65e1fb3_oficinas-compartidas-membresia-de-coworking-1-1-1024x683.jpg\" class=\"attachment-large size-large wp-image-317\" alt=\"\" srcset=\"https:\/\/workpool.yopuedo.pe\/wp-content\/uploads\/2025\/12\/6446efd9b63dbe7bd65e1fb3_oficinas-compartidas-membresia-de-coworking-1-1-1024x683.jpg 1024w, https:\/\/workpool.yopuedo.pe\/wp-content\/uploads\/2025\/12\/6446efd9b63dbe7bd65e1fb3_oficinas-compartidas-membresia-de-coworking-1-1-scaled-600x400.jpg 600w, https:\/\/workpool.yopuedo.pe\/wp-content\/uploads\/2025\/12\/6446efd9b63dbe7bd65e1fb3_oficinas-compartidas-membresia-de-coworking-1-1-300x200.jpg 300w, https:\/\/workpool.yopuedo.pe\/wp-content\/uploads\/2025\/12\/6446efd9b63dbe7bd65e1fb3_oficinas-compartidas-membresia-de-coworking-1-1-768x512.jpg 768w, https:\/\/workpool.yopuedo.pe\/wp-content\/uploads\/2025\/12\/6446efd9b63dbe7bd65e1fb3_oficinas-compartidas-membresia-de-coworking-1-1-1536x1024.jpg 1536w, https:\/\/workpool.yopuedo.pe\/wp-content\/uploads\/2025\/12\/6446efd9b63dbe7bd65e1fb3_oficinas-compartidas-membresia-de-coworking-1-1-2048x1365.jpg 2048w\" sizes=\"(max-width: 800px) 100vw, 800px\" \/>\t\t\t\t\t\t\t\t\t\t\t\t\t\t\t<\/div>\n\t\t\t\t<\/div>\n\t\t\t\t\t<\/div>\n\t\t\t\t<\/div>\n\t\t\t\t<\/div>\n\t\t\t\t<\/div>\n\t\t\t\t\t\t<\/div>\n\t\t\t\t<\/div>\n\t\t\t\t\t<\/div>\n\t\t\t\t<\/div>\n\t\t\t\t<\/div>\n\t\t","protected":false},"excerpt":{"rendered":"<p>D\u00eda de la Madre En Workpool, estamos orgullosos de contar con tantas mam\u00e1s que, con esfuerzo y dedicaci\u00f3n, equilibran su vida laboral y personal con pasi\u00f3n. D\u00eda del Trabajo Conmemoraci\u00f3n para nuestros Workpoolers conmemorando el d\u00eda del trabajo Navidad En Workpool incentivamos a nuestros trabajadores a participar de las actividades por fiestas navide\u00f1as.<\/p>\n","protected":false},"author":1,"featured_media":0,"parent":0,"menu_order":0,"comment_status":"closed","ping_status":"closed","template":"","meta":{"footnotes":""},"class_list":["post-394","page","type-page","status-publish","hentry"],"_links":{"self":[{"href":"https:\/\/workpool.yopuedo.pe\/index.php\/wp-json\/wp\/v2\/pages\/394","targetHints":{"allow":["GET"]}}],"collection":[{"href":"https:\/\/workpool.yopuedo.pe\/index.php\/wp-json\/wp\/v2\/pages"}],"about":[{"href":"https:\/\/workpool.yopuedo.pe\/index.php\/wp-json\/wp\/v2\/types\/page"}],"author":[{"embeddable":true,"href":"https:\/\/workpool.yopuedo.pe\/index.php\/wp-json\/wp\/v2\/users\/1"}],"replies":[{"embeddable":true,"href":"https:\/\/workpool.yopuedo.pe\/index.php\/wp-json\/wp\/v2\/comments?post=394"}],"version-history":[{"count":28,"href":"https:\/\/workpool.yopuedo.pe\/index.php\/wp-json\/wp\/v2\/pages\/394\/revisions"}],"predecessor-version":[{"id":1291,"href":"https:\/\/workpool.yopuedo.pe\/index.php\/wp-json\/wp\/v2\/pages\/394\/revisions\/1291"}],"wp:attachment":[{"href":"https:\/\/workpool.yopuedo.pe\/index.php\/wp-json\/wp\/v2\/media?parent=394"}],"curies":[{"name":"wp","href":"https:\/\/api.w.org\/{rel}","templated":true}]}}